{"id":8787,"date":"2022-09-06T11:49:32","date_gmt":"2022-09-06T11:49:32","guid":{"rendered":"https:\/\/the7.io\/blank\/?page_id=8787"},"modified":"2024-09-17T08:02:24","modified_gmt":"2024-09-17T08:02:24","slug":"integritetspolicy","status":"publish","type":"page","link":"https:\/\/elforest.fonta.se\/en\/integritetspolicy\/","title":{"rendered":"Integritetspolicy"},"content":{"rendered":"<div data-elementor-type=\"wp-page\" data-elementor-id=\"8787\" class=\"elementor elementor-8787\" data-elementor-post-type=\"page\">\n\t\t\t\t<div class=\"elementor-element elementor-element-85a570f e-flex e-con-boxed e-con e-parent\" data-id=\"85a570f\" data-element_type=\"container\" data-e-type=\"container\">\n\t\t\t\t\t<div class=\"e-con-inner\">\n\t\t\t\t<div class=\"elementor-element elementor-element-8d3d130 elementor-widget elementor-widget-template\" data-id=\"8d3d130\" data-element_type=\"widget\" data-e-type=\"widget\" data-widget_type=\"template.default\">\n\t\t\t\t<div class=\"elementor-widget-container\">\n\t\t\t\t\t\t\t<div class=\"elementor-template\">\n\t\t\t\t\t<div data-elementor-type=\"section\" data-elementor-id=\"16412\" class=\"elementor elementor-16412\" data-elementor-post-type=\"elementor_library\">\n\t\t\t<div class=\"elementor-element elementor-element-781dfdf e-con-full e-flex e-con e-parent\" data-id=\"781dfdf\" data-element_type=\"container\" data-e-type=\"container\">\n\t\t\t\t<\/div>\n\t\t\t\t<\/div>\n\t\t\t\t<\/div>\n\t\t\t\t\t\t<\/div>\n\t\t\t\t<\/div>\n\t\t\t\t\t<\/div>\n\t\t\t\t<\/div>\n\t\t<div class=\"elementor-element elementor-element-ce58485 e-flex e-con-boxed e-con e-parent\" data-id=\"ce58485\" data-element_type=\"container\" data-e-type=\"container\">\n\t\t\t\t\t<div class=\"e-con-inner\">\n\t\t\t\t<div class=\"elementor-element elementor-element-eb420e7 elementor-widget__width-initial elementor-widget-tablet__width-inherit elementor-widget elementor-widget-text-editor\" data-id=\"eb420e7\" data-element_type=\"widget\" data-e-type=\"widget\" data-widget_type=\"text-editor.default\">\n\t\t\t\t<div class=\"elementor-widget-container\">\n\t\t\t\t\t\t\t\t\t<div data-id=\"3e01320\" data-element_type=\"widget\" data-widget_type=\"heading.default\">\n<div>\n<h2>Integritetspolicy<\/h2>\n<\/div>\n<\/div>\n<div data-id=\"bc2bae6\" data-element_type=\"widget\" data-widget_type=\"text-editor.default\">\n<div>\n<h3><b>Vilka personuppgifter samlar vi in?<\/b><\/h3>\n<p>N\u00e4r du kontaktar Elforest Technologies AB samlar vi bara in de personuppgifter du ger oss i kontakten. Om du \u00e4r kund hos Elforest Technologies&nbsp;AB behandlar vi de personuppgifter du l\u00e4mnar till oss, s\u00e5 som namn, adress, telefonnummer och e-postadress. Om du f\u00f6retr\u00e4der en organisation som Elforest Technologies&nbsp;AB har ett intresse av att h\u00e5lla kontakten med, samlar vi in de av dina personuppgifter som vi beh\u00f6ver f\u00f6r att kunna uppr\u00e4tth\u00e5lla den kontakten, n\u00e4mligen ditt namn, adress, telefonnummer och e-postadress.<\/p>\n<hr class=\"the7-p-gap\" style=\"padding-bottom: 30px;\">\n<h3><b>Varf\u00f6r, hur och hur l\u00e4nge behandlar vi dina personuppgifter?<\/b><\/h3>\n<p>De person- och kontaktuppgifter Elforest Technologies&nbsp;AB samlar in anv\u00e4nds f\u00f6r att vi ska kunna&nbsp; kontakta dig i samband med support\u00e4renden eller andra kundrelaterade fr\u00e5gor.<\/p>\n<p>Behandlingen \u00e4r n\u00f6dv\u00e4ndig f\u00f6r att fullg\u00f6ra avtalet med dig som kund samt f\u00f6r att tillgodose Elforest Technologies&nbsp;AB:s ber\u00e4ttigade intresse att marknadsf\u00f6ra och informera om v\u00e5ra tj\u00e4nster till dig och att f\u00f6rb\u00e4ttra och utveckla v\u00e5ra tj\u00e4nster s\u00e5 att du f\u00e5r en kvalitativ och bra kundupplevelse. Om du f\u00f6retr\u00e4der en organisation som Elforest Technologies&nbsp;AB har ett intresse av att h\u00e5lla kontakten med, har vi ett ber\u00e4ttigat intresse av att behandla dina personuppgifter ocks\u00e5 i syfte att marknadsf\u00f6ra och informera om Elforest Technologies&nbsp;tj\u00e4nsteutbud.<\/p>\n<p>Vi sparar dina personuppgifter s\u00e5 l\u00e4nge du \u00e4r kund hos oss, s\u00e5 l\u00e4nge v\u00e5rt ber\u00e4ttigade intresse best\u00e5r att marknadsf\u00f6ra oss till dig som kund eller som representant f\u00f6r en kund eller potentiell kund, och d\u00e4rut\u00f6ver spara vi dem s\u00e5 l\u00e4nge Elforest Technologies&nbsp;AB enligt lag \u00e4r skyldig att spara uppgifterna.<\/p>\n<p>Slutligen behandlar vi dina personuppgifter om det \u00e4r n\u00f6dv\u00e4ndigt f\u00f6r att vi ska kunna fullg\u00f6ra en r\u00e4ttslig f\u00f6rpliktelse, t.ex. kan vi tvingas spara personuppgifter f\u00f6r bokf\u00f6rings\u00e4ndam\u00e5l.<\/p>\n<hr class=\"the7-p-gap\" style=\"padding-bottom: 30px;\">\n<h3><b>Dina r\u00e4ttigheter<\/b><\/h3>\n<p>Du kan beg\u00e4ra information om vilka personuppgifter vi sparat om dig genom att kontakta oss. Du kan ocks\u00e5 beg\u00e4ra att vi raderar dina personuppgifter. Elforest Technologies&nbsp;AB kan dock ha r\u00e4tt att neka din beg\u00e4ran om det finns legala skyldigheter som hindrar oss fr\u00e5n att omedelbart radera vissa personuppgifter eller om behandlingen \u00e4r n\u00f6dv\u00e4ndig f\u00f6r att Elforest Technologies&nbsp;AB ska kunna fastst\u00e4lla, g\u00f6ra g\u00e4llande eller f\u00f6rsvara r\u00e4ttsliga anspr\u00e5k. Mer om dina r\u00e4ttigheter kan du l\u00e4sa h\u00e4r:<\/p>\n<p><a href=\"https:\/\/www.imy.se\/privatperson\/dataskydd\/dinarattigheter\">https:\/\/www.imy.se\/privatperson\/dataskydd\/dinarattigheter<\/a><\/p>\n<p>Du har \u00e4ven r\u00e4tt att avst\u00e5 att ta emot v\u00e5ra nyhetsbrev.<\/p>\n<hr class=\"the7-p-gap\" style=\"padding-bottom: 30px;\">\n<h3><b>Vem f\u00e5r ta del av uppgifterna?<\/b><\/h3>\n<p><span style=\"text-align: var(--text-align); background-color: rgba(255, 255, 255, 0); color: var(--the7-base-color); letter-spacing: var(--the7-base-letter-spacing); text-transform: var(--the7-base-text-transform); word-spacing: normal;\">Elforest Technologies<\/span>&nbsp;AB kommer inte att s\u00e4lja eller ge ut dina uppgifter till n\u00e5gon tredje part.<\/p>\n<hr class=\"the7-p-gap\" style=\"padding-bottom: 30px;\">\n<h3><b>Tillsynsmyndighet<\/b><\/h3>\n<p>Integritetsskyddsmyndigheten (IMY) \u00e4r ansvarig myndighet i Sverige f\u00f6r att \u00f6vervaka till\u00e4mpningen av lagstiftningen kring dataskydd. Du kan kontakta dem via&nbsp;<a href=\"https:\/\/www.imy.se\/\" target=\"_blank\" rel=\"noopener\">www.imy.se<\/a><\/p>\n<hr class=\"the7-p-gap\" style=\"padding-bottom: 30px;\">\n<h3><b>Kontaktuppgifter till Elforest Technologies AB<\/b><\/h3>\n<p>Om du har fr\u00e5gor kring ur vi behandlar personuppgifter eller har en beg\u00e4ran i enlighet med dina r\u00e4ttigheter, \u00e4r du alltid v\u00e4lkommen att kontakta oss p\u00e5 <a href=\"mailto:info@elforest.se\">info@elforest.se<\/a><\/p>\n<\/div>\n<\/div>\t\t\t\t\t\t\t\t<\/div>\n\t\t\t\t<\/div>\n\t\t\t\t\t<\/div>\n\t\t\t\t<\/div>\n\t\t<div class=\"elementor-element elementor-element-7a488db e-flex e-con-boxed e-con e-parent\" data-id=\"7a488db\" data-element_type=\"container\" data-e-type=\"container\">\n\t\t\t\t\t<div class=\"e-con-inner\">\n\t\t\t\t<div class=\"elementor-element elementor-element-9f0dac3 elementor-widget elementor-widget-template\" data-id=\"9f0dac3\" data-element_type=\"widget\" data-e-type=\"widget\" data-widget_type=\"template.default\">\n\t\t\t\t<div class=\"elementor-widget-container\">\n\t\t\t\t\t\t\t<div class=\"elementor-template\">\n\t\t\t\t\t<div data-elementor-type=\"section\" data-elementor-id=\"16412\" class=\"elementor elementor-16412\" data-elementor-post-type=\"elementor_library\">\n\t\t\t<div class=\"elementor-element elementor-element-781dfdf e-con-full e-flex e-con e-parent\" data-id=\"781dfdf\" data-element_type=\"container\" data-e-type=\"container\">\n\t\t\t\t<\/div>\n\t\t\t\t<\/div>\n\t\t\t\t<\/div>\n\t\t\t\t\t\t<\/div>\n\t\t\t\t<\/div>\n\t\t\t\t\t<\/div>\n\t\t\t\t<\/div>\n\t\t\t\t<\/div>","protected":false},"excerpt":{"rendered":"<p>Integritetspolicy Vilka personuppgifter samlar vi in? N\u00e4r du kontaktar Elforest Technologies AB samlar vi bara in de personuppgifter du ger oss i kontakten. Om du \u00e4r kund hos Elforest Technologies&nbsp;AB behandlar vi de personuppgifter du l\u00e4mnar till oss, s\u00e5 som namn, adress, telefonnummer och e-postadress. Om du f\u00f6retr\u00e4der en organisation som Elforest Technologies&nbsp;AB har ett&hellip;<\/p>","protected":false},"author":1,"featured_media":0,"parent":0,"menu_order":990,"comment_status":"closed","ping_status":"closed","template":"","meta":{"footnotes":""},"class_list":["post-8787","page","type-page","status-publish","hentry"],"_links":{"self":[{"href":"https:\/\/elforest.fonta.se\/en\/wp-json\/wp\/v2\/pages\/8787","targetHints":{"allow":["GET"]}}],"collection":[{"href":"https:\/\/elforest.fonta.se\/en\/wp-json\/wp\/v2\/pages"}],"about":[{"href":"https:\/\/elforest.fonta.se\/en\/wp-json\/wp\/v2\/types\/page"}],"author":[{"embeddable":true,"href":"https:\/\/elforest.fonta.se\/en\/wp-json\/wp\/v2\/users\/1"}],"replies":[{"embeddable":true,"href":"https:\/\/elforest.fonta.se\/en\/wp-json\/wp\/v2\/comments?post=8787"}],"version-history":[{"count":22,"href":"https:\/\/elforest.fonta.se\/en\/wp-json\/wp\/v2\/pages\/8787\/revisions"}],"predecessor-version":[{"id":17904,"href":"https:\/\/elforest.fonta.se\/en\/wp-json\/wp\/v2\/pages\/8787\/revisions\/17904"}],"wp:attachment":[{"href":"https:\/\/elforest.fonta.se\/en\/wp-json\/wp\/v2\/media?parent=8787"}],"curies":[{"name":"wp","href":"https:\/\/api.w.org\/{rel}","templated":true}]}}