{"id":17821,"date":"2024-09-12T06:16:12","date_gmt":"2024-09-12T06:16:12","guid":{"rendered":"https:\/\/elforest.fonta.se\/?page_id=17821"},"modified":"2024-09-17T08:02:42","modified_gmt":"2024-09-17T08:02:42","slug":"cookiepolicy","status":"publish","type":"page","link":"https:\/\/elforest.fonta.se\/en\/cookiepolicy\/","title":{"rendered":"Cookiepolicy"},"content":{"rendered":"<div data-elementor-type=\"wp-page\" data-elementor-id=\"17821\" class=\"elementor elementor-17821\" data-elementor-post-type=\"page\">\n\t\t\t\t<div class=\"elementor-element elementor-element-85a570f e-flex e-con-boxed e-con e-parent\" data-id=\"85a570f\" data-element_type=\"container\" data-e-type=\"container\">\n\t\t\t\t\t<div class=\"e-con-inner\">\n\t\t\t\t<div class=\"elementor-element elementor-element-8d3d130 elementor-widget elementor-widget-template\" data-id=\"8d3d130\" data-element_type=\"widget\" data-e-type=\"widget\" data-widget_type=\"template.default\">\n\t\t\t\t<div class=\"elementor-widget-container\">\n\t\t\t\t\t\t\t<div class=\"elementor-template\">\n\t\t\t\t\t<div data-elementor-type=\"section\" data-elementor-id=\"16412\" class=\"elementor elementor-16412\" data-elementor-post-type=\"elementor_library\">\n\t\t\t<div class=\"elementor-element elementor-element-781dfdf e-con-full e-flex e-con e-parent\" data-id=\"781dfdf\" data-element_type=\"container\" data-e-type=\"container\">\n\t\t\t\t<\/div>\n\t\t\t\t<\/div>\n\t\t\t\t<\/div>\n\t\t\t\t\t\t<\/div>\n\t\t\t\t<\/div>\n\t\t\t\t\t<\/div>\n\t\t\t\t<\/div>\n\t\t<div class=\"elementor-element elementor-element-ce58485 e-flex e-con-boxed e-con e-parent\" data-id=\"ce58485\" data-element_type=\"container\" data-e-type=\"container\">\n\t\t\t\t\t<div class=\"e-con-inner\">\n\t\t\t\t<div class=\"elementor-element elementor-element-980837f elementor-widget__width-initial elementor-widget-tablet__width-inherit elementor-widget elementor-widget-text-editor\" data-id=\"980837f\" data-element_type=\"widget\" data-e-type=\"widget\" data-widget_type=\"text-editor.default\">\n\t\t\t\t<div class=\"elementor-widget-container\">\n\t\t\t\t\t\t\t\t\t<div class=\"elementor-element elementor-element-682ec52 elementor-widget elementor-widget-heading\" data-id=\"682ec52\" data-element_type=\"widget\" data-widget_type=\"heading.default\">\n<div class=\"elementor-widget-container\">\n<h2 class=\"elementor-heading-title elementor-size-default\">Allm\u00e4nt om cookies<\/h2>\n<\/div>\n<\/div>\n<div class=\"elementor-element elementor-element-e7f8e4e elementor-widget elementor-widget-text-editor\" data-id=\"e7f8e4e\" data-element_type=\"widget\" data-widget_type=\"text-editor.default\">\n<div class=\"elementor-widget-container\">\n<p>En cookie \u00e4r en liten textfil som anv\u00e4nds f\u00f6r att lagra information om en specifik anv\u00e4ndare.<\/p>\n<p>Det finns tv\u00e5 typer av cookies:<\/p>\n<p><strong>Tempor\u00e4ra cookies<\/strong>&nbsp;(\u201dsession-cookies\u201d) lagras s\u00e5 l\u00e4nge du \u00e4r aktiv p\u00e5 en webbplats, allts\u00e5 under en surf-session. I dessa cookies sparas information som \u00e4r relevant f\u00f6r det nuvarande bes\u00f6ket och inget mer. Det kan exempelvis vara information om vad du har lagt i varukorgen om du surfar i en webbshop. Tempor\u00e4ra cookies f\u00f6rsvinner av sig sj\u00e4lva n\u00e4r du st\u00e4nger ner din webbl\u00e4sare<\/p>\n<p><strong>Permanenta cookies<\/strong>&nbsp;lagras p\u00e5 din dator eller mobil under en best\u00e4md tid, eller tills dem raderas av dig eller webbplatsen som lagt dem d\u00e4r. I en permanent cookie sparas information som \u00e4r relevant f\u00f6r en mer l\u00e5ngvarig relation mellan dig och webbplatsen du surfar p\u00e5. Det kan exempelvis vara kunduppgifter som beh\u00f6vs f\u00f6r att genomf\u00f6ra en best\u00e4llning, forts\u00e4tta med ett p\u00e5g\u00e5ende projekt, f\u00f6lja upp efter ett avslutat projekt eller annan \u00e5tg\u00e4rd som bes\u00f6karen har efterfr\u00e5gat.<\/p>\n<p>De personuppgifter som samlas med hj\u00e4lp av cookies f\u00e5r endast anv\u00e4ndas f\u00f6r de \u00e4ndam\u00e5l du p\u00e5 f\u00f6rhand godk\u00e4nt.<\/p>\n<hr class=\"the7-p-gap\" style=\"padding-bottom: 30px;\">\n<\/div>\n<\/div>\n<div class=\"elementor-element elementor-element-8820200 elementor-widget elementor-widget-heading\" data-id=\"8820200\" data-element_type=\"widget\" data-widget_type=\"heading.default\">\n<div class=\"elementor-widget-container\">\n<h2 class=\"elementor-heading-title elementor-size-default\">Hur vi anv\u00e4nder cookies<\/h2>\n<\/div>\n<\/div>\n<div class=\"elementor-element elementor-element-b54587b elementor-widget elementor-widget-text-editor\" data-id=\"b54587b\" data-element_type=\"widget\" data-widget_type=\"text-editor.default\">\n<div class=\"elementor-widget-container\">\n<p>Vi anv\u00e4nder cookies f\u00f6r att ge dig som bes\u00f6kare b\u00e4ttre service. V\u00e5ra cookies samlar information om antal bes\u00f6kare, hur l\u00e4nge dem stannar p\u00e5 sidan och vilka undersidor dem spenderar mest tid p\u00e5. Vi samlar \u00e4ven information om vilka operativsystem och webbl\u00e4sare v\u00e5ra bes\u00f6kare anv\u00e4nder och hur dem interagerar med webbplatsen. P\u00e5 s\u00e5 s\u00e4tt kan vi g\u00f6ra mer efterfr\u00e5gad information l\u00e4ttillg\u00e4nglig och optimera webbplatsen f\u00f6r b\u00e4sta m\u00f6jliga anv\u00e4ndarupplevelse.<\/p>\n<p>Genom att klicka acceptera godk\u00e4nner du att vi l\u00e4gger cookies p\u00e5 din dator, om du v\u00e4ljer att inte klicka acceptera m\u00e5ste vi \u00e4nd\u00e5 l\u00e4gga en enda liten cookie p\u00e5 din dator som s\u00e4ger till v\u00e5r webbplats att du inte vill ha n\u00e5gra cookies. Att inte acceptera cookies kan medf\u00f6ra en n\u00e5got f\u00f6rs\u00e4mrad funktionalitet av webbplatsen.<\/p>\n<p>Du kan \u00e4ven v\u00e4lja att st\u00e4nga av cookies f\u00f6r alla webbplatser via inst\u00e4llningar i din webbl\u00e4sare.<\/p>\n<\/div>\n<\/div>\t\t\t\t\t\t\t\t<\/div>\n\t\t\t\t<\/div>\n\t\t\t\t\t<\/div>\n\t\t\t\t<\/div>\n\t\t<div class=\"elementor-element elementor-element-7a488db e-flex e-con-boxed e-con e-parent\" data-id=\"7a488db\" data-element_type=\"container\" data-e-type=\"container\">\n\t\t\t\t\t<div class=\"e-con-inner\">\n\t\t\t\t<div class=\"elementor-element elementor-element-9f0dac3 elementor-widget elementor-widget-template\" data-id=\"9f0dac3\" data-element_type=\"widget\" data-e-type=\"widget\" data-widget_type=\"template.default\">\n\t\t\t\t<div class=\"elementor-widget-container\">\n\t\t\t\t\t\t\t<div class=\"elementor-template\">\n\t\t\t\t\t<div data-elementor-type=\"section\" data-elementor-id=\"16412\" class=\"elementor elementor-16412\" data-elementor-post-type=\"elementor_library\">\n\t\t\t<div class=\"elementor-element elementor-element-781dfdf e-con-full e-flex e-con e-parent\" data-id=\"781dfdf\" data-element_type=\"container\" data-e-type=\"container\">\n\t\t\t\t<\/div>\n\t\t\t\t<\/div>\n\t\t\t\t<\/div>\n\t\t\t\t\t\t<\/div>\n\t\t\t\t<\/div>\n\t\t\t\t\t<\/div>\n\t\t\t\t<\/div>\n\t\t\t\t<\/div>","protected":false},"excerpt":{"rendered":"<p>Allm\u00e4nt om cookies En cookie \u00e4r en liten textfil som anv\u00e4nds f\u00f6r att lagra information om en specifik anv\u00e4ndare. Det finns tv\u00e5 typer av cookies: Tempor\u00e4ra cookies&nbsp;(\u201dsession-cookies\u201d) lagras s\u00e5 l\u00e4nge du \u00e4r aktiv p\u00e5 en webbplats, allts\u00e5 under en surf-session. I dessa cookies sparas information som \u00e4r relevant f\u00f6r det nuvarande bes\u00f6ket och inget mer.&hellip;<\/p>","protected":false},"author":1,"featured_media":0,"parent":0,"menu_order":990,"comment_status":"closed","ping_status":"closed","template":"","meta":{"footnotes":""},"class_list":["post-17821","page","type-page","status-publish","hentry"],"_links":{"self":[{"href":"https:\/\/elforest.fonta.se\/en\/wp-json\/wp\/v2\/pages\/17821","targetHints":{"allow":["GET"]}}],"collection":[{"href":"https:\/\/elforest.fonta.se\/en\/wp-json\/wp\/v2\/pages"}],"about":[{"href":"https:\/\/elforest.fonta.se\/en\/wp-json\/wp\/v2\/types\/page"}],"author":[{"embeddable":true,"href":"https:\/\/elforest.fonta.se\/en\/wp-json\/wp\/v2\/users\/1"}],"replies":[{"embeddable":true,"href":"https:\/\/elforest.fonta.se\/en\/wp-json\/wp\/v2\/comments?post=17821"}],"version-history":[{"count":7,"href":"https:\/\/elforest.fonta.se\/en\/wp-json\/wp\/v2\/pages\/17821\/revisions"}],"predecessor-version":[{"id":17907,"href":"https:\/\/elforest.fonta.se\/en\/wp-json\/wp\/v2\/pages\/17821\/revisions\/17907"}],"wp:attachment":[{"href":"https:\/\/elforest.fonta.se\/en\/wp-json\/wp\/v2\/media?parent=17821"}],"curies":[{"name":"wp","href":"https:\/\/api.w.org\/{rel}","templated":true}]}}