{"id":17506,"date":"2024-09-11T12:03:58","date_gmt":"2024-09-11T12:03:58","guid":{"rendered":"https:\/\/elforest.fonta.se\/?page_id=17506"},"modified":"2024-09-23T09:55:51","modified_gmt":"2024-09-23T09:55:51","slug":"projekt","status":"publish","type":"page","link":"https:\/\/elforest.fonta.se\/en\/projekt\/","title":{"rendered":"Projects"},"content":{"rendered":"<div data-elementor-type=\"wp-page\" data-elementor-id=\"17506\" class=\"elementor elementor-17506\" data-elementor-post-type=\"page\">\n\t\t\t\t<div class=\"elementor-element elementor-element-4ecf100 e-con-full e-flex e-con e-parent\" data-id=\"4ecf100\" data-element_type=\"container\" data-e-type=\"container\">\n\t\t\t\t<div class=\"elementor-element elementor-element-51e59a1 elementor-widget elementor-widget-template\" data-id=\"51e59a1\" data-element_type=\"widget\" data-e-type=\"widget\" data-widget_type=\"template.default\">\n\t\t\t\t<div class=\"elementor-widget-container\">\n\t\t\t\t\t\t\t<div class=\"elementor-template\">\n\t\t\t\t\t<div data-elementor-type=\"section\" data-elementor-id=\"16412\" class=\"elementor elementor-16412\" data-elementor-post-type=\"elementor_library\">\n\t\t\t<div class=\"elementor-element elementor-element-781dfdf e-con-full e-flex e-con e-parent\" data-id=\"781dfdf\" data-element_type=\"container\" data-e-type=\"container\">\n\t\t\t\t<\/div>\n\t\t\t\t<\/div>\n\t\t\t\t<\/div>\n\t\t\t\t\t\t<\/div>\n\t\t\t\t<\/div>\n\t\t<div class=\"elementor-element elementor-element-59a4e4d animated-slow e-flex e-con-boxed elementor-invisible e-con e-child\" data-id=\"59a4e4d\" data-element_type=\"container\" data-e-type=\"container\" data-settings=\"{&quot;animation&quot;:&quot;fadeIn&quot;}\">\n\t\t\t\t\t<div class=\"e-con-inner\">\n\t\t\t\t<div class=\"elementor-element elementor-element-8baa8aa elementor-widget elementor-widget-the7-heading\" data-id=\"8baa8aa\" data-element_type=\"widget\" data-e-type=\"widget\" data-widget_type=\"the7-heading.default\">\n\t\t\t\t<div class=\"elementor-widget-container\">\n\t\t\t\t\t<h1 class=\"the7-heading-title elementor-size-default\">Projects<\/h1>\t\t\t\t<\/div>\n\t\t\t\t<\/div>\n\t\t\t\t\t<\/div>\n\t\t\t\t<\/div>\n\t\t<div class=\"elementor-element elementor-element-09274b7 e-flex e-con-boxed e-con e-child\" data-id=\"09274b7\" data-element_type=\"container\" data-e-type=\"container\">\n\t\t\t\t\t<div class=\"e-con-inner\">\n\t\t\t\t<div class=\"elementor-element elementor-element-7d663d1 elementor-widget__width-initial content-align-left the7-hover-visibility-disabled preserve-img-ratio-cover transform-overlay-yes exceeding-frame-yes elementor-widget elementor-widget-the7-image-widget\" data-id=\"7d663d1\" data-element_type=\"widget\" data-e-type=\"widget\" data-settings=\"{&quot;hover_visibility&quot;:&quot;disabled&quot;}\" data-widget_type=\"the7-image-widget.default\">\n\t\t\t\t<div class=\"elementor-widget-container\">\n\t\t\t\t\t<div class=\"the7-image-container\"><div class=\"the7-image-wrapper the7-elementor-widget the7-transform-container\"><div class=\"post-thumbnail-rollover layzr-bg img-css-resize-wrapper\"><img fetchpriority=\"high\" decoding=\"async\" width=\"1486\" height=\"991\" src=\"data:image\/svg+xml,%3Csvg%20xmlns%3D&#039;http%3A%2F%2Fwww.w3.org%2F2000%2Fsvg&#039;%20viewBox%3D&#039;0%200%201486%20991&#039;%2F%3E\" class=\"attachment-full size-full preload-me aspect lazy lazy-load\" alt=\"\" sizes=\"(max-width: 1486px) 100vw, 1486px\" style=\"--ratio: 1486 \/ 991;\" data-src=\"https:\/\/elforest.fonta.se\/wp-content\/uploads\/2024\/09\/AdobeStock_699430900-kopiera.webp\" loading=\"eager\" data-srcset=\"https:\/\/elforest.fonta.se\/wp-content\/uploads\/2024\/09\/AdobeStock_699430900-kopiera.webp 1486w, https:\/\/elforest.fonta.se\/wp-content\/uploads\/2024\/09\/AdobeStock_699430900-kopiera-300x200.webp 300w, https:\/\/elforest.fonta.se\/wp-content\/uploads\/2024\/09\/AdobeStock_699430900-kopiera-1024x683.webp 1024w, https:\/\/elforest.fonta.se\/wp-content\/uploads\/2024\/09\/AdobeStock_699430900-kopiera-768x512.webp 768w\" \/><\/div><\/div><\/div>\t\t\t\t<\/div>\n\t\t\t\t<\/div>\n\t\t<div class=\"elementor-element elementor-element-f05bd30 e-con-full e-flex e-con e-child\" data-id=\"f05bd30\" data-element_type=\"container\" data-e-type=\"container\">\n\t\t\t\t<div class=\"elementor-element elementor-element-9925be2 elementor-widget-tablet__width-inherit elementor-widget elementor-widget-the7-heading\" data-id=\"9925be2\" data-element_type=\"widget\" data-e-type=\"widget\" data-widget_type=\"the7-heading.default\">\n\t\t\t\t<div class=\"elementor-widget-container\">\n\t\t\t\t\t<h2 class=\"the7-heading-title elementor-size-default\">Customized Solutions to Meet Your Needs and Visions<\/h2>\t\t\t\t<\/div>\n\t\t\t\t<\/div>\n\t\t\t\t<div class=\"elementor-element elementor-element-9dfa89e elementor-widget-tablet__width-inherit elementor-widget elementor-widget-text-editor\" data-id=\"9dfa89e\" data-element_type=\"widget\" data-e-type=\"widget\" data-widget_type=\"text-editor.default\">\n\t\t\t\t<div class=\"elementor-widget-container\">\n\t\t\t\t\t\t\t\t\t<p>At Elforest Technologies, we have developed customized and innovative solutions based on our customers' unique needs and desires in a variety of customer projects. We assist our customers throughout the process, from the initial idea to the final prototype.<\/p><p>With deep technical experience and knowledge in the industry, combined with our wide range of products, we are well-suited to handle even the most complex projects.<\/p>\t\t\t\t\t\t\t\t<\/div>\n\t\t\t\t<\/div>\n\t\t\t\t<\/div>\n\t\t\t\t\t<\/div>\n\t\t\t\t<\/div>\n\t\t\t\t<div class=\"elementor-element elementor-element-aba8677 elementor-widget elementor-widget-template\" data-id=\"aba8677\" data-element_type=\"widget\" data-e-type=\"widget\" data-widget_type=\"template.default\">\n\t\t\t\t<div class=\"elementor-widget-container\">\n\t\t\t\t\t\t\t<div class=\"elementor-template\">\n\t\t\t\t\t<div data-elementor-type=\"section\" data-elementor-id=\"16398\" class=\"elementor elementor-16398\" data-elementor-post-type=\"elementor_library\">\n\t\t\t<div class=\"elementor-element elementor-element-321def0 e-con-full e-flex e-con e-parent\" data-id=\"321def0\" data-element_type=\"container\" data-e-type=\"container\">\n\t\t\t\t<div class=\"elementor-element elementor-element-323c99f elementor-widget-divider--view-line elementor-widget elementor-widget-divider\" data-id=\"323c99f\" data-element_type=\"widget\" data-e-type=\"widget\" data-widget_type=\"divider.default\">\n\t\t\t\t<div class=\"elementor-widget-container\">\n\t\t\t\t\t\t\t<div class=\"elementor-divider\">\n\t\t\t<span class=\"elementor-divider-separator\">\n\t\t\t\t\t\t<\/span>\n\t\t<\/div>\n\t\t\t\t\t\t<\/div>\n\t\t\t\t<\/div>\n\t\t\t\t<\/div>\n\t\t\t\t<\/div>\n\t\t\t\t<\/div>\n\t\t\t\t\t\t<\/div>\n\t\t\t\t<\/div>\n\t\t<div class=\"elementor-element elementor-element-cc2b1e5 e-con-full e-flex e-con e-child\" data-id=\"cc2b1e5\" data-element_type=\"container\" data-e-type=\"container\">\n\t\t<div class=\"elementor-element elementor-element-4811596 e-flex e-con-boxed e-con e-child\" data-id=\"4811596\" data-element_type=\"container\" data-e-type=\"container\">\n\t\t\t\t\t<div class=\"e-con-inner\">\n\t\t\t\t<div class=\"elementor-element elementor-element-792f82e elementor-widget-tablet__width-inherit elementor-widget elementor-widget-the7-heading\" data-id=\"792f82e\" data-element_type=\"widget\" data-e-type=\"widget\" data-widget_type=\"the7-heading.default\">\n\t\t\t\t<div class=\"elementor-widget-container\">\n\t\t\t\t\t<h3 class=\"the7-heading-title elementor-size-default\">Some of our customers<\/h3>\t\t\t\t<\/div>\n\t\t\t\t<\/div>\n\t\t\t\t<div class=\"elementor-element elementor-element-b265cbd elementor-widget-tablet__width-inherit elementor-widget__width-initial elementor-widget elementor-widget-text-editor\" data-id=\"b265cbd\" data-element_type=\"widget\" data-e-type=\"widget\" data-widget_type=\"text-editor.default\">\n\t\t\t\t<div class=\"elementor-widget-container\">\n\t\t\t\t\t\t\t\t\t<p>Since our customers often want to keep their primary development projects confidential and we highly value privacy, we have chosen to only display our customers' logos on this page.<\/p><p>Contact us for further information and to get help developing your unique solution.<\/p>\t\t\t\t\t\t\t\t<\/div>\n\t\t\t\t<\/div>\n\t\t\t\t<div class=\"elementor-element elementor-element-80a58fc elementor-widget elementor-widget-the7_button_widget\" data-id=\"80a58fc\" data-element_type=\"widget\" data-e-type=\"widget\" data-widget_type=\"the7_button_widget.default\">\n\t\t\t\t<div class=\"elementor-widget-container\">\n\t\t\t\t\t<div class=\"elementor-button-wrapper\"><a href=\"https:\/\/elforest.fonta.se\/en\/kontakta-oss\/\" class=\"box-button elementor-button elementor-size-lg\">Contact us<svg xmlns=\"http:\/\/www.w3.org\/2000\/svg\" viewbox=\"0 0 24 24\" width=\"48\" height=\"48\" fill=\"currentColor\"><path d=\"M16.1716 10.9999L10.8076 5.63589L12.2218 4.22168L20 11.9999L12.2218 19.778L10.8076 18.3638L16.1716 12.9999H4V10.9999H16.1716Z\"><\/path><\/svg><\/a><\/div>\t\t\t\t<\/div>\n\t\t\t\t<\/div>\n\t\t\t\t\t<\/div>\n\t\t\t\t<\/div>\n\t\t<div class=\"elementor-element elementor-element-15a68e1 e-con-full e-grid e-con e-child\" data-id=\"15a68e1\" data-element_type=\"container\" data-e-type=\"container\">\n\t\t<div class=\"elementor-element elementor-element-1a5afaa e-con-full e-flex e-con e-child\" data-id=\"1a5afaa\" data-element_type=\"container\" data-e-type=\"container\">\n\t\t\t\t<div class=\"elementor-element elementor-element-9a7c652 content-align-center the7-hover-visibility-disabled transform-overlay-yes exceeding-frame-yes elementor-widget elementor-widget-the7-image-widget\" data-id=\"9a7c652\" data-element_type=\"widget\" data-e-type=\"widget\" data-settings=\"{&quot;hover_visibility&quot;:&quot;disabled&quot;}\" data-widget_type=\"the7-image-widget.default\">\n\t\t\t\t<div class=\"elementor-widget-container\">\n\t\t\t\t\t<div class=\"the7-image-container\"><div class=\"the7-image-wrapper the7-elementor-widget the7-transform-container\"><div class=\"post-thumbnail-rollover layzr-bg img-css-resize-wrapper\"><img decoding=\"async\" width=\"277\" height=\"83\" src=\"data:image\/svg+xml,%3Csvg%20xmlns%3D&#039;http%3A%2F%2Fwww.w3.org%2F2000%2Fsvg&#039;%20viewBox%3D&#039;0%200%20277%2083&#039;%2F%3E\" class=\"attachment-full size-full preload-me aspect lazy lazy-load\" alt=\"\" style=\"--ratio: 277 \/ 83;\" data-src=\"https:\/\/elforest.fonta.se\/wp-content\/uploads\/2024\/09\/ponsse-jpg.webp\" loading=\"eager\" \/><\/div><\/div><\/div>\t\t\t\t<\/div>\n\t\t\t\t<\/div>\n\t\t\t\t<\/div>\n\t\t<div class=\"elementor-element elementor-element-6378cdc e-con-full e-flex e-con e-child\" data-id=\"6378cdc\" data-element_type=\"container\" data-e-type=\"container\">\n\t\t\t\t<div class=\"elementor-element elementor-element-f1b3541 content-align-center the7-hover-visibility-disabled transform-overlay-yes exceeding-frame-yes elementor-widget elementor-widget-the7-image-widget\" data-id=\"f1b3541\" data-element_type=\"widget\" data-e-type=\"widget\" data-settings=\"{&quot;hover_visibility&quot;:&quot;disabled&quot;}\" data-widget_type=\"the7-image-widget.default\">\n\t\t\t\t<div class=\"elementor-widget-container\">\n\t\t\t\t\t<div class=\"the7-image-container\"><div class=\"the7-image-wrapper the7-elementor-widget the7-transform-container\"><div class=\"post-thumbnail-rollover layzr-bg img-css-resize-wrapper\"><img decoding=\"async\" width=\"442\" height=\"145\" src=\"data:image\/svg+xml,%3Csvg%20xmlns%3D&#039;http%3A%2F%2Fwww.w3.org%2F2000%2Fsvg&#039;%20viewBox%3D&#039;0%200%20442%20145&#039;%2F%3E\" class=\"attachment-full size-full preload-me aspect lazy lazy-load\" alt=\"\" sizes=\"(max-width: 442px) 100vw, 442px\" style=\"--ratio: 442 \/ 145;\" data-src=\"https:\/\/elforest.fonta.se\/wp-content\/uploads\/2024\/09\/Orginal-Regal-No-Box-Color-RGB.png\" loading=\"eager\" data-srcset=\"https:\/\/elforest.fonta.se\/wp-content\/uploads\/2024\/09\/Orginal-Regal-No-Box-Color-RGB.png 442w, https:\/\/elforest.fonta.se\/wp-content\/uploads\/2024\/09\/Orginal-Regal-No-Box-Color-RGB-300x98.png 300w\" \/><\/div><\/div><\/div>\t\t\t\t<\/div>\n\t\t\t\t<\/div>\n\t\t\t\t<\/div>\n\t\t<div class=\"elementor-element elementor-element-50374b8 e-con-full e-flex e-con e-child\" data-id=\"50374b8\" data-element_type=\"container\" data-e-type=\"container\">\n\t\t\t\t<div class=\"elementor-element elementor-element-59e9adf content-align-center the7-hover-visibility-disabled transform-overlay-yes exceeding-frame-yes elementor-widget elementor-widget-the7-image-widget\" data-id=\"59e9adf\" data-element_type=\"widget\" data-e-type=\"widget\" data-settings=\"{&quot;hover_visibility&quot;:&quot;disabled&quot;}\" data-widget_type=\"the7-image-widget.default\">\n\t\t\t\t<div class=\"elementor-widget-container\">\n\t\t\t\t\t<div class=\"the7-image-container\"><div class=\"the7-image-wrapper the7-elementor-widget the7-transform-container\"><div class=\"post-thumbnail-rollover layzr-bg img-css-resize-wrapper\"><img decoding=\"async\" width=\"181\" height=\"39\" src=\"data:image\/svg+xml,%3Csvg%20xmlns%3D&#039;http%3A%2F%2Fwww.w3.org%2F2000%2Fsvg&#039;%20viewBox%3D&#039;0%200%20181%2039&#039;%2F%3E\" class=\"attachment-full size-full preload-me aspect lazy lazy-load\" alt=\"\" style=\"--ratio: 181 \/ 39;\" data-src=\"https:\/\/elforest.fonta.se\/wp-content\/uploads\/2024\/09\/kalmar-logo.png\" loading=\"eager\" \/><\/div><\/div><\/div>\t\t\t\t<\/div>\n\t\t\t\t<\/div>\n\t\t\t\t<\/div>\n\t\t<div class=\"elementor-element elementor-element-c918cd8 e-con-full e-flex e-con e-child\" data-id=\"c918cd8\" data-element_type=\"container\" data-e-type=\"container\">\n\t\t\t\t<div class=\"elementor-element elementor-element-fa7cb2d content-align-center the7-hover-visibility-disabled transform-overlay-yes exceeding-frame-yes elementor-widget elementor-widget-the7-image-widget\" data-id=\"fa7cb2d\" data-element_type=\"widget\" data-e-type=\"widget\" data-settings=\"{&quot;hover_visibility&quot;:&quot;disabled&quot;}\" data-widget_type=\"the7-image-widget.default\">\n\t\t\t\t<div class=\"elementor-widget-container\">\n\t\t\t\t\t<div class=\"the7-image-container\"><div class=\"the7-image-wrapper the7-elementor-widget the7-transform-container\"><div class=\"post-thumbnail-rollover layzr-bg img-css-resize-wrapper\"><img decoding=\"async\" width=\"175\" height=\"179\" src=\"data:image\/svg+xml,%3Csvg%20xmlns%3D&#039;http%3A%2F%2Fwww.w3.org%2F2000%2Fsvg&#039;%20viewBox%3D&#039;0%200%20175%20179&#039;%2F%3E\" class=\"attachment-full size-full preload-me aspect lazy lazy-load\" alt=\"\" style=\"--ratio: 175 \/ 179;\" data-src=\"https:\/\/elforest.fonta.se\/wp-content\/uploads\/2024\/09\/husqvarna.png\" loading=\"eager\" \/><\/div><\/div><\/div>\t\t\t\t<\/div>\n\t\t\t\t<\/div>\n\t\t\t\t<\/div>\n\t\t<div class=\"elementor-element elementor-element-a9c5a6a e-con-full e-flex e-con e-child\" data-id=\"a9c5a6a\" data-element_type=\"container\" data-e-type=\"container\">\n\t\t\t\t<div class=\"elementor-element elementor-element-5dfb247 content-align-center the7-hover-visibility-disabled transform-overlay-yes exceeding-frame-yes elementor-widget elementor-widget-the7-image-widget\" data-id=\"5dfb247\" data-element_type=\"widget\" data-e-type=\"widget\" data-settings=\"{&quot;hover_visibility&quot;:&quot;disabled&quot;}\" data-widget_type=\"the7-image-widget.default\">\n\t\t\t\t<div class=\"elementor-widget-container\">\n\t\t\t\t\t<div class=\"the7-image-container\"><div class=\"the7-image-wrapper the7-elementor-widget the7-transform-container\"><div class=\"post-thumbnail-rollover layzr-bg img-css-resize-wrapper\"><img decoding=\"async\" width=\"1772\" height=\"315\" src=\"data:image\/svg+xml,%3Csvg%20xmlns%3D&#039;http%3A%2F%2Fwww.w3.org%2F2000%2Fsvg&#039;%20viewBox%3D&#039;0%200%201772%20315&#039;%2F%3E\" class=\"attachment-full size-full preload-me aspect lazy lazy-load\" alt=\"\" sizes=\"(max-width: 1772px) 100vw, 1772px\" style=\"--ratio: 1772 \/ 315;\" data-src=\"https:\/\/elforest.fonta.se\/wp-content\/uploads\/2024\/09\/huddig-jpg.webp\" loading=\"eager\" data-srcset=\"https:\/\/elforest.fonta.se\/wp-content\/uploads\/2024\/09\/huddig-jpg.webp 1772w, https:\/\/elforest.fonta.se\/wp-content\/uploads\/2024\/09\/huddig-300x53.webp 300w, https:\/\/elforest.fonta.se\/wp-content\/uploads\/2024\/09\/huddig-1024x182.webp 1024w, https:\/\/elforest.fonta.se\/wp-content\/uploads\/2024\/09\/huddig-768x137.webp 768w, https:\/\/elforest.fonta.se\/wp-content\/uploads\/2024\/09\/huddig-1536x273.webp 1536w\" \/><\/div><\/div><\/div>\t\t\t\t<\/div>\n\t\t\t\t<\/div>\n\t\t\t\t<\/div>\n\t\t<div class=\"elementor-element elementor-element-a4b744a e-con-full e-flex e-con e-child\" data-id=\"a4b744a\" data-element_type=\"container\" data-e-type=\"container\">\n\t\t\t\t<div class=\"elementor-element elementor-element-b3d3c57 content-align-center the7-hover-visibility-disabled transform-overlay-yes exceeding-frame-yes elementor-widget elementor-widget-the7-image-widget\" data-id=\"b3d3c57\" data-element_type=\"widget\" data-e-type=\"widget\" data-settings=\"{&quot;hover_visibility&quot;:&quot;disabled&quot;}\" data-widget_type=\"the7-image-widget.default\">\n\t\t\t\t<div class=\"elementor-widget-container\">\n\t\t\t\t\t<div class=\"the7-image-container\"><div class=\"the7-image-wrapper the7-elementor-widget the7-transform-container\"><div class=\"post-thumbnail-rollover layzr-bg img-css-resize-wrapper\"><img decoding=\"async\" width=\"393\" height=\"95\" src=\"data:image\/svg+xml,%3Csvg%20xmlns%3D&#039;http%3A%2F%2Fwww.w3.org%2F2000%2Fsvg&#039;%20viewBox%3D&#039;0%200%20393%2095&#039;%2F%3E\" class=\"attachment-full size-full preload-me aspect lazy lazy-load\" alt=\"\" sizes=\"(max-width: 393px) 100vw, 393px\" style=\"--ratio: 393 \/ 95;\" data-src=\"https:\/\/elforest.fonta.se\/wp-content\/uploads\/2024\/09\/engbergs.png\" loading=\"eager\" data-srcset=\"https:\/\/elforest.fonta.se\/wp-content\/uploads\/2024\/09\/engbergs.png 393w, https:\/\/elforest.fonta.se\/wp-content\/uploads\/2024\/09\/engbergs-300x73.png 300w\" \/><\/div><\/div><\/div>\t\t\t\t<\/div>\n\t\t\t\t<\/div>\n\t\t\t\t<\/div>\n\t\t<div class=\"elementor-element elementor-element-3b666cc e-con-full e-flex e-con e-child\" data-id=\"3b666cc\" data-element_type=\"container\" data-e-type=\"container\">\n\t\t\t\t<div class=\"elementor-element elementor-element-0bb189b content-align-center the7-hover-visibility-disabled transform-overlay-yes exceeding-frame-yes elementor-widget elementor-widget-the7-image-widget\" data-id=\"0bb189b\" data-element_type=\"widget\" data-e-type=\"widget\" data-settings=\"{&quot;hover_visibility&quot;:&quot;disabled&quot;}\" data-widget_type=\"the7-image-widget.default\">\n\t\t\t\t<div class=\"elementor-widget-container\">\n\t\t\t\t\t<div class=\"the7-image-container\"><div class=\"the7-image-wrapper the7-elementor-widget the7-transform-container\"><div class=\"post-thumbnail-rollover layzr-bg img-css-resize-wrapper\"><img decoding=\"async\" width=\"1567\" height=\"304\" src=\"data:image\/svg+xml,%3Csvg%20xmlns%3D&#039;http%3A%2F%2Fwww.w3.org%2F2000%2Fsvg&#039;%20viewBox%3D&#039;0%200%201567%20304&#039;%2F%3E\" class=\"attachment-full size-full preload-me aspect lazy lazy-load\" alt=\"\" sizes=\"(max-width: 1567px) 100vw, 1567px\" style=\"--ratio: 1567 \/ 304;\" data-src=\"https:\/\/elforest.fonta.se\/wp-content\/uploads\/2024\/09\/edilog-jpg.webp\" loading=\"eager\" data-srcset=\"https:\/\/elforest.fonta.se\/wp-content\/uploads\/2024\/09\/edilog-jpg.webp 1567w, https:\/\/elforest.fonta.se\/wp-content\/uploads\/2024\/09\/edilog-300x58.webp 300w, https:\/\/elforest.fonta.se\/wp-content\/uploads\/2024\/09\/edilog-1024x199.webp 1024w, https:\/\/elforest.fonta.se\/wp-content\/uploads\/2024\/09\/edilog-768x149.webp 768w, https:\/\/elforest.fonta.se\/wp-content\/uploads\/2024\/09\/edilog-1536x298.webp 1536w\" \/><\/div><\/div><\/div>\t\t\t\t<\/div>\n\t\t\t\t<\/div>\n\t\t\t\t<\/div>\n\t\t<div class=\"elementor-element elementor-element-6ea64a5 e-con-full e-flex e-con e-child\" data-id=\"6ea64a5\" data-element_type=\"container\" data-e-type=\"container\">\n\t\t\t\t<div class=\"elementor-element elementor-element-f0c183a content-align-center the7-hover-visibility-disabled transform-overlay-yes exceeding-frame-yes elementor-widget elementor-widget-the7-image-widget\" data-id=\"f0c183a\" data-element_type=\"widget\" data-e-type=\"widget\" data-settings=\"{&quot;hover_visibility&quot;:&quot;disabled&quot;}\" data-widget_type=\"the7-image-widget.default\">\n\t\t\t\t<div class=\"elementor-widget-container\">\n\t\t\t\t\t<div class=\"the7-image-container\"><div class=\"the7-image-wrapper the7-elementor-widget the7-transform-container\"><div class=\"post-thumbnail-rollover layzr-bg img-css-resize-wrapper\"><img decoding=\"async\" width=\"3100\" height=\"600\" src=\"data:image\/svg+xml,%3Csvg%20xmlns%3D&#039;http%3A%2F%2Fwww.w3.org%2F2000%2Fsvg&#039;%20viewBox%3D&#039;0%200%203100%20600&#039;%2F%3E\" class=\"attachment-full size-full preload-me aspect lazy lazy-load\" alt=\"\" sizes=\"(max-width: 3100px) 100vw, 3100px\" style=\"--ratio: 3100 \/ 600;\" data-src=\"https:\/\/elforest.fonta.se\/wp-content\/uploads\/2024\/09\/cascade_logo_RGB_normal.png\" loading=\"eager\" data-srcset=\"https:\/\/elforest.fonta.se\/wp-content\/uploads\/2024\/09\/cascade_logo_RGB_normal.png 3100w, https:\/\/elforest.fonta.se\/wp-content\/uploads\/2024\/09\/cascade_logo_RGB_normal-300x58.png 300w, https:\/\/elforest.fonta.se\/wp-content\/uploads\/2024\/09\/cascade_logo_RGB_normal-1024x198.png 1024w, https:\/\/elforest.fonta.se\/wp-content\/uploads\/2024\/09\/cascade_logo_RGB_normal-768x149.png 768w, https:\/\/elforest.fonta.se\/wp-content\/uploads\/2024\/09\/cascade_logo_RGB_normal-1536x297.png 1536w, https:\/\/elforest.fonta.se\/wp-content\/uploads\/2024\/09\/cascade_logo_RGB_normal-2048x396.png 2048w\" \/><\/div><\/div><\/div>\t\t\t\t<\/div>\n\t\t\t\t<\/div>\n\t\t\t\t<\/div>\n\t\t\t\t<\/div>\n\t\t\t\t<\/div>\n\t\t\t\t<\/div>\n\t\t\t\t<\/div>","protected":false},"excerpt":{"rendered":"<p>Projekt Skr\u00e4ddarsydda l\u00f6sningar f\u00f6r att m\u00f6ta dina behov och visioner Vi p\u00e5 Elforest Technologies har utvecklat skr\u00e4ddarsydda och innovativa l\u00f6sningar baserade p\u00e5 v\u00e5ra kunders unika behov och \u00f6nskem\u00e5l i en m\u00e4ngd olika projekt. Vi hj\u00e4lper v\u00e5ra kunder genom hela processen, fr\u00e5n den initiala id\u00e9n till den slutliga prototypen. Med djup teknisk erfarenhet och kunskap inom&hellip;<\/p>","protected":false},"author":1,"featured_media":15113,"parent":0,"menu_order":10,"comment_status":"closed","ping_status":"closed","template":"","meta":{"footnotes":""},"class_list":["post-17506","page","type-page","status-publish","has-post-thumbnail","hentry"],"_links":{"self":[{"href":"https:\/\/elforest.fonta.se\/en\/wp-json\/wp\/v2\/pages\/17506","targetHints":{"allow":["GET"]}}],"collection":[{"href":"https:\/\/elforest.fonta.se\/en\/wp-json\/wp\/v2\/pages"}],"about":[{"href":"https:\/\/elforest.fonta.se\/en\/wp-json\/wp\/v2\/types\/page"}],"author":[{"embeddable":true,"href":"https:\/\/elforest.fonta.se\/en\/wp-json\/wp\/v2\/users\/1"}],"replies":[{"embeddable":true,"href":"https:\/\/elforest.fonta.se\/en\/wp-json\/wp\/v2\/comments?post=17506"}],"version-history":[{"count":70,"href":"https:\/\/elforest.fonta.se\/en\/wp-json\/wp\/v2\/pages\/17506\/revisions"}],"predecessor-version":[{"id":17993,"href":"https:\/\/elforest.fonta.se\/en\/wp-json\/wp\/v2\/pages\/17506\/revisions\/17993"}],"wp:featuredmedia":[{"embeddable":true,"href":"https:\/\/elforest.fonta.se\/en\/wp-json\/wp\/v2\/media\/15113"}],"wp:attachment":[{"href":"https:\/\/elforest.fonta.se\/en\/wp-json\/wp\/v2\/media?parent=17506"}],"curies":[{"name":"wp","href":"https:\/\/api.w.org\/{rel}","templated":true}]}}