{"id":15198,"date":"2024-05-17T09:57:31","date_gmt":"2024-05-17T09:57:31","guid":{"rendered":"https:\/\/the7.io\/blank-side-menu\/?page_id=15198"},"modified":"2024-09-27T06:14:59","modified_gmt":"2024-09-27T06:14:59","slug":"about","status":"publish","type":"page","link":"https:\/\/elforest.fonta.se\/en\/about\/","title":{"rendered":"About us"},"content":{"rendered":"<div data-elementor-type=\"wp-page\" data-elementor-id=\"15198\" class=\"elementor elementor-15198\" data-elementor-post-type=\"page\">\n\t\t\t\t<div class=\"elementor-element elementor-element-4ecf100 e-con-full e-flex e-con e-parent\" data-id=\"4ecf100\" data-element_type=\"container\" data-e-type=\"container\">\n\t\t\t\t<div class=\"elementor-element elementor-element-0ec9ac0 elementor-widget elementor-widget-template\" data-id=\"0ec9ac0\" data-element_type=\"widget\" data-e-type=\"widget\" data-widget_type=\"template.default\">\n\t\t\t\t<div class=\"elementor-widget-container\">\n\t\t\t\t\t\t\t<div class=\"elementor-template\">\n\t\t\t\t\t<div data-elementor-type=\"section\" data-elementor-id=\"16412\" class=\"elementor elementor-16412\" data-elementor-post-type=\"elementor_library\">\n\t\t\t<div class=\"elementor-element elementor-element-781dfdf e-con-full e-flex e-con e-parent\" data-id=\"781dfdf\" data-element_type=\"container\" data-e-type=\"container\">\n\t\t\t\t<\/div>\n\t\t\t\t<\/div>\n\t\t\t\t<\/div>\n\t\t\t\t\t\t<\/div>\n\t\t\t\t<\/div>\n\t\t<div class=\"elementor-element elementor-element-e920fa9 animated-slow e-flex e-con-boxed elementor-invisible e-con e-child\" data-id=\"e920fa9\" data-element_type=\"container\" data-e-type=\"container\" data-settings=\"{&quot;animation&quot;:&quot;fadeIn&quot;}\">\n\t\t\t\t\t<div class=\"e-con-inner\">\n\t\t\t\t<div class=\"elementor-element elementor-element-2842583 elementor-widget elementor-widget-the7-heading\" data-id=\"2842583\" data-element_type=\"widget\" data-e-type=\"widget\" data-widget_type=\"the7-heading.default\">\n\t\t\t\t<div class=\"elementor-widget-container\">\n\t\t\t\t\t<h1 class=\"the7-heading-title elementor-size-default\">About us<\/h1>\t\t\t\t<\/div>\n\t\t\t\t<\/div>\n\t\t\t\t\t<\/div>\n\t\t\t\t<\/div>\n\t\t<div class=\"elementor-element elementor-element-09274b7 e-flex e-con-boxed e-con e-child\" data-id=\"09274b7\" data-element_type=\"container\" data-e-type=\"container\">\n\t\t\t\t\t<div class=\"e-con-inner\">\n\t\t\t\t<div class=\"elementor-element elementor-element-16bc3af elementor-widget__width-initial content-align-left the7-hover-visibility-disabled preserve-img-ratio-cover transform-overlay-yes exceeding-frame-yes elementor-widget elementor-widget-the7-image-widget\" data-id=\"16bc3af\" data-element_type=\"widget\" data-e-type=\"widget\" data-settings=\"{&quot;hover_visibility&quot;:&quot;disabled&quot;}\" data-widget_type=\"the7-image-widget.default\">\n\t\t\t\t<div class=\"elementor-widget-container\">\n\t\t\t\t\t<div class=\"the7-image-container\"><div class=\"the7-image-wrapper the7-elementor-widget the7-transform-container\"><div class=\"post-thumbnail-rollover layzr-bg img-css-resize-wrapper\"><img fetchpriority=\"high\" decoding=\"async\" width=\"2126\" height=\"1380\" src=\"data:image\/svg+xml,%3Csvg%20xmlns%3D&#039;http%3A%2F%2Fwww.w3.org%2F2000%2Fsvg&#039;%20viewBox%3D&#039;0%200%202126%201380&#039;%2F%3E\" class=\"attachment-full size-full preload-me aspect lazy lazy-load\" alt=\"\" sizes=\"(max-width: 2126px) 100vw, 2126px\" style=\"--ratio: 2126 \/ 1380;\" data-src=\"https:\/\/elforest.fonta.se\/wp-content\/uploads\/2024\/09\/Maskin-4-Hog-resolution-jpg.webp\" loading=\"eager\" data-srcset=\"https:\/\/elforest.fonta.se\/wp-content\/uploads\/2024\/09\/Maskin-4-Hog-resolution-jpg.webp 2126w, https:\/\/elforest.fonta.se\/wp-content\/uploads\/2024\/09\/Maskin-4-Hog-resolution-300x195.webp 300w, https:\/\/elforest.fonta.se\/wp-content\/uploads\/2024\/09\/Maskin-4-Hog-resolution-1024x665.webp 1024w, https:\/\/elforest.fonta.se\/wp-content\/uploads\/2024\/09\/Maskin-4-Hog-resolution-768x499.webp 768w, https:\/\/elforest.fonta.se\/wp-content\/uploads\/2024\/09\/Maskin-4-Hog-resolution-1536x997.webp 1536w, https:\/\/elforest.fonta.se\/wp-content\/uploads\/2024\/09\/Maskin-4-Hog-resolution-2048x1329.webp 2048w, https:\/\/elforest.fonta.se\/wp-content\/uploads\/2024\/09\/Maskin-4-Hog-resolution-18x12.webp 18w\" \/><\/div><\/div><\/div>\t\t\t\t<\/div>\n\t\t\t\t<\/div>\n\t\t<div class=\"elementor-element elementor-element-f05bd30 e-con-full e-flex e-con e-child\" data-id=\"f05bd30\" data-element_type=\"container\" data-e-type=\"container\">\n\t\t\t\t<div class=\"elementor-element elementor-element-9925be2 elementor-widget-tablet__width-inherit elementor-widget elementor-widget-the7-heading\" data-id=\"9925be2\" data-element_type=\"widget\" data-e-type=\"widget\" data-widget_type=\"the7-heading.default\">\n\t\t\t\t<div class=\"elementor-widget-container\">\n\t\t\t\t\t<h1 class=\"the7-heading-title elementor-size-default\">Elforest Technologies Develops the Systems of the Future<\/h1>\t\t\t\t<\/div>\n\t\t\t\t<\/div>\n\t\t\t\t<div class=\"elementor-element elementor-element-9dfa89e elementor-widget-tablet__width-inherit elementor-widget elementor-widget-text-editor\" data-id=\"9dfa89e\" data-element_type=\"widget\" data-e-type=\"widget\" data-widget_type=\"text-editor.default\">\n\t\t\t\t<div class=\"elementor-widget-container\">\n\t\t\t\t\t\t\t\t\t<p>Elforest Technologies was founded in 2006 as a developer and manufacturer of the world's first electrical hybrid forwarder.<\/p><p>Over the years, we have gained great experience in electric and electric hybrid operation, as well as hydraulic and machine construction.<\/p><p>We have the skills, equipment, and premises to be able to take the project from the idea stage all the way to a fully functioning machine. This complete solution allows us to ensure high quality and precision throughout the entire development process.<\/p>\t\t\t\t\t\t\t\t<\/div>\n\t\t\t\t<\/div>\n\t\t\t\t<\/div>\n\t\t\t\t\t<\/div>\n\t\t\t\t<\/div>\n\t\t\t\t<div class=\"elementor-element elementor-element-aba8677 elementor-widget elementor-widget-template\" data-id=\"aba8677\" data-element_type=\"widget\" data-e-type=\"widget\" data-widget_type=\"template.default\">\n\t\t\t\t<div class=\"elementor-widget-container\">\n\t\t\t\t\t\t\t<div class=\"elementor-template\">\n\t\t\t\t\t<div data-elementor-type=\"section\" data-elementor-id=\"16412\" class=\"elementor elementor-16412\" data-elementor-post-type=\"elementor_library\">\n\t\t\t<div class=\"elementor-element elementor-element-781dfdf e-con-full e-flex e-con e-parent\" data-id=\"781dfdf\" data-element_type=\"container\" data-e-type=\"container\">\n\t\t\t\t<\/div>\n\t\t\t\t<\/div>\n\t\t\t\t<\/div>\n\t\t\t\t\t\t<\/div>\n\t\t\t\t<\/div>\n\t\t<div class=\"elementor-element elementor-element-1e72c51 e-flex e-con-boxed e-con e-child\" data-id=\"1e72c51\" data-element_type=\"container\" data-e-type=\"container\">\n\t\t\t\t\t<div class=\"e-con-inner\">\n\t\t\t\t<div class=\"elementor-element elementor-element-0a17072 elementor-widget__width-initial content-align-left the7-hover-visibility-disabled preserve-img-ratio-cover transform-overlay-yes exceeding-frame-yes elementor-widget elementor-widget-the7-image-widget\" data-id=\"0a17072\" data-element_type=\"widget\" data-e-type=\"widget\" data-settings=\"{&quot;hover_visibility&quot;:&quot;disabled&quot;}\" data-widget_type=\"the7-image-widget.default\">\n\t\t\t\t<div class=\"elementor-widget-container\">\n\t\t\t\t\t<div class=\"the7-image-container\"><div class=\"the7-image-wrapper the7-elementor-widget the7-transform-container\"><div class=\"post-thumbnail-rollover layzr-bg img-css-resize-wrapper\"><img decoding=\"async\" width=\"2560\" height=\"1707\" src=\"data:image\/svg+xml,%3Csvg%20xmlns%3D&#039;http%3A%2F%2Fwww.w3.org%2F2000%2Fsvg&#039;%20viewBox%3D&#039;0%200%202560%201707&#039;%2F%3E\" class=\"attachment-full size-full preload-me aspect lazy lazy-load\" alt=\"\" sizes=\"(max-width: 2560px) 100vw, 2560px\" style=\"--ratio: 2560 \/ 1707;\" data-src=\"https:\/\/elforest.fonta.se\/wp-content\/uploads\/2024\/09\/AdobeStock_483257431-scaled.webp\" loading=\"eager\" data-srcset=\"https:\/\/elforest.fonta.se\/wp-content\/uploads\/2024\/09\/AdobeStock_483257431-scaled.webp 2560w, https:\/\/elforest.fonta.se\/wp-content\/uploads\/2024\/09\/AdobeStock_483257431-300x200.webp 300w, https:\/\/elforest.fonta.se\/wp-content\/uploads\/2024\/09\/AdobeStock_483257431-1024x683.webp 1024w, https:\/\/elforest.fonta.se\/wp-content\/uploads\/2024\/09\/AdobeStock_483257431-768x512.webp 768w, https:\/\/elforest.fonta.se\/wp-content\/uploads\/2024\/09\/AdobeStock_483257431-1536x1024.webp 1536w, https:\/\/elforest.fonta.se\/wp-content\/uploads\/2024\/09\/AdobeStock_483257431-2048x1365.webp 2048w, https:\/\/elforest.fonta.se\/wp-content\/uploads\/2024\/09\/AdobeStock_483257431-18x12.webp 18w\" \/><\/div><\/div><\/div>\t\t\t\t<\/div>\n\t\t\t\t<\/div>\n\t\t<div class=\"elementor-element elementor-element-90e98b0 e-con-full e-flex e-con e-child\" data-id=\"90e98b0\" data-element_type=\"container\" data-e-type=\"container\">\n\t\t\t\t<div class=\"elementor-element elementor-element-cba5eaa elementor-widget-tablet__width-inherit elementor-widget elementor-widget-the7-heading\" data-id=\"cba5eaa\" data-element_type=\"widget\" data-e-type=\"widget\" data-widget_type=\"the7-heading.default\">\n\t\t\t\t<div class=\"elementor-widget-container\">\n\t\t\t\t\t<h2 class=\"the7-heading-title elementor-size-default\">We offer expertise<\/h2>\t\t\t\t<\/div>\n\t\t\t\t<\/div>\n\t\t\t\t<div class=\"elementor-element elementor-element-6a3d566 elementor-widget-tablet__width-inherit elementor-widget elementor-widget-text-editor\" data-id=\"6a3d566\" data-element_type=\"widget\" data-e-type=\"widget\" data-widget_type=\"text-editor.default\">\n\t\t\t\t<div class=\"elementor-widget-container\">\n\t\t\t\t\t\t\t\t\t<p>Today, Elforest Technologies is a technology consultant company specializing in:<\/p>\t\t\t\t\t\t\t\t<\/div>\n\t\t\t\t<\/div>\n\t\t\t\t<div class=\"elementor-element elementor-element-b41f780 elementor-icon-list--layout-traditional elementor-list-item-link-full_width elementor-widget elementor-widget-icon-list\" data-id=\"b41f780\" data-element_type=\"widget\" data-e-type=\"widget\" data-widget_type=\"icon-list.default\">\n\t\t\t\t<div class=\"elementor-widget-container\">\n\t\t\t\t\t\t\t<ul class=\"elementor-icon-list-items\">\n\t\t\t\t\t\t\t<li class=\"elementor-icon-list-item\">\n\t\t\t\t\t\t\t\t\t\t\t<span class=\"elementor-icon-list-icon\">\n\t\t\t\t\t\t\t<svg xmlns=\"http:\/\/www.w3.org\/2000\/svg\" viewbox=\"0 0 24 24\" width=\"48\" height=\"48\" fill=\"currentColor\"><path d=\"M9.9997 15.1709L19.1921 5.97852L20.6063 7.39273L9.9997 17.9993L3.63574 11.6354L5.04996 10.2212L9.9997 15.1709Z\"><\/path><\/svg>\t\t\t\t\t\t<\/span>\n\t\t\t\t\t\t\t\t\t\t<span class=\"elementor-icon-list-text\">Drive Systems<\/span>\n\t\t\t\t\t\t\t\t\t<\/li>\n\t\t\t\t\t\t\t\t<li class=\"elementor-icon-list-item\">\n\t\t\t\t\t\t\t\t\t\t\t<span class=\"elementor-icon-list-icon\">\n\t\t\t\t\t\t\t<svg xmlns=\"http:\/\/www.w3.org\/2000\/svg\" viewbox=\"0 0 24 24\" width=\"48\" height=\"48\" fill=\"currentColor\"><path d=\"M9.9997 15.1709L19.1921 5.97852L20.6063 7.39273L9.9997 17.9993L3.63574 11.6354L5.04996 10.2212L9.9997 15.1709Z\"><\/path><\/svg>\t\t\t\t\t\t<\/span>\n\t\t\t\t\t\t\t\t\t\t<span class=\"elementor-icon-list-text\">Control Systems<\/span>\n\t\t\t\t\t\t\t\t\t<\/li>\n\t\t\t\t\t\t\t\t<li class=\"elementor-icon-list-item\">\n\t\t\t\t\t\t\t\t\t\t\t<span class=\"elementor-icon-list-icon\">\n\t\t\t\t\t\t\t<svg xmlns=\"http:\/\/www.w3.org\/2000\/svg\" viewbox=\"0 0 24 24\" width=\"48\" height=\"48\" fill=\"currentColor\"><path d=\"M9.9997 15.1709L19.1921 5.97852L20.6063 7.39273L9.9997 17.9993L3.63574 11.6354L5.04996 10.2212L9.9997 15.1709Z\"><\/path><\/svg>\t\t\t\t\t\t<\/span>\n\t\t\t\t\t\t\t\t\t\t<span class=\"elementor-icon-list-text\">Analysis\/Simulation<\/span>\n\t\t\t\t\t\t\t\t\t<\/li>\n\t\t\t\t\t\t\t\t<li class=\"elementor-icon-list-item\">\n\t\t\t\t\t\t\t\t\t\t\t<span class=\"elementor-icon-list-icon\">\n\t\t\t\t\t\t\t<svg xmlns=\"http:\/\/www.w3.org\/2000\/svg\" viewbox=\"0 0 24 24\" width=\"48\" height=\"48\" fill=\"currentColor\"><path d=\"M9.9997 15.1709L19.1921 5.97852L20.6063 7.39273L9.9997 17.9993L3.63574 11.6354L5.04996 10.2212L9.9997 15.1709Z\"><\/path><\/svg>\t\t\t\t\t\t<\/span>\n\t\t\t\t\t\t\t\t\t\t<span class=\"elementor-icon-list-text\">Prototype Construction<\/span>\n\t\t\t\t\t\t\t\t\t<\/li>\n\t\t\t\t\t\t<\/ul>\n\t\t\t\t\t\t<\/div>\n\t\t\t\t<\/div>\n\t\t\t\t<\/div>\n\t\t\t\t\t<\/div>\n\t\t\t\t<\/div>\n\t\t\t\t<div class=\"elementor-element elementor-element-c39faa9 elementor-widget elementor-widget-template\" data-id=\"c39faa9\" data-element_type=\"widget\" data-e-type=\"widget\" data-widget_type=\"template.default\">\n\t\t\t\t<div class=\"elementor-widget-container\">\n\t\t\t\t\t\t\t<div class=\"elementor-template\">\n\t\t\t\t\t<div data-elementor-type=\"section\" data-elementor-id=\"16412\" class=\"elementor elementor-16412\" data-elementor-post-type=\"elementor_library\">\n\t\t\t<div class=\"elementor-element elementor-element-781dfdf e-con-full e-flex e-con e-parent\" data-id=\"781dfdf\" data-element_type=\"container\" data-e-type=\"container\">\n\t\t\t\t<\/div>\n\t\t\t\t<\/div>\n\t\t\t\t<\/div>\n\t\t\t\t\t\t<\/div>\n\t\t\t\t<\/div>\n\t\t<div class=\"elementor-element elementor-element-93a3d4a e-flex e-con-boxed e-con e-child\" data-id=\"93a3d4a\" data-element_type=\"container\" data-e-type=\"container\">\n\t\t\t\t\t<div class=\"e-con-inner\">\n\t\t<div class=\"elementor-element elementor-element-513d639 e-con-full e-flex e-con e-child\" data-id=\"513d639\" data-element_type=\"container\" data-e-type=\"container\">\n\t\t\t\t<div class=\"elementor-element elementor-element-ac6ee4d elementor-widget-tablet__width-inherit elementor-widget elementor-widget-the7-heading\" data-id=\"ac6ee4d\" data-element_type=\"widget\" data-e-type=\"widget\" data-widget_type=\"the7-heading.default\">\n\t\t\t\t<div class=\"elementor-widget-container\">\n\t\t\t\t\t<h2 class=\"the7-heading-title elementor-size-default\">We work closely with our customers<\/h2>\t\t\t\t<\/div>\n\t\t\t\t<\/div>\n\t\t\t\t<div class=\"elementor-element elementor-element-a15270b elementor-widget-tablet__width-inherit elementor-widget elementor-widget-text-editor\" data-id=\"a15270b\" data-element_type=\"widget\" data-e-type=\"widget\" data-widget_type=\"text-editor.default\">\n\t\t\t\t<div class=\"elementor-widget-container\">\n\t\t\t\t\t\t\t\t\t<p>We offer expertise in these areas, and our deep knowledge of components, system integration, and control systems makes us a reliable partner for you as a customer.<\/p><p>We work closely with our clients to understand their specific needs and requirements, which enables us to deliver customized solutions that promote innovation and sustainability within the automotive and machinery industries.<\/p><p>With our expertise, we help you develop the machines and vehicles of the future, from concept to a finished product.<\/p><p style=\"margin-bottom: 15px;\"><span style=\"background-color: rgba(255, 255, 255, 0); color: var(--the7-base-color); font-family: var( --e-global-typography-el_content_4-font-family ), Sans-serif; font-size: var( --e-global-typography-el_content_4-font-size ); font-style: var( --e-global-typography-el_content_4-font-style ); font-weight: var( --e-global-typography-el_content_4-font-weight ); letter-spacing: var( --e-global-typography-el_content_4-letter-spacing ); text-transform: var( --e-global-typography-el_content_4-text-transform ); word-spacing: var( --e-global-typography-el_content_4-word-spacing );\">Contact us today, we look forward to your enquiry!<\/span><\/p>\t\t\t\t\t\t\t\t<\/div>\n\t\t\t\t<\/div>\n\t\t\t\t<div class=\"elementor-element elementor-element-1195e76 elementor-widget elementor-widget-the7_button_widget\" data-id=\"1195e76\" data-element_type=\"widget\" data-e-type=\"widget\" data-widget_type=\"the7_button_widget.default\">\n\t\t\t\t<div class=\"elementor-widget-container\">\n\t\t\t\t\t<div class=\"elementor-button-wrapper\"><a href=\"https:\/\/elforest.fonta.se\/en\/kontakta-oss\/\" class=\"box-button elementor-button elementor-size-lg\">Contact us<svg xmlns=\"http:\/\/www.w3.org\/2000\/svg\" viewbox=\"0 0 24 24\" width=\"48\" height=\"48\" fill=\"currentColor\"><path d=\"M16.1716 10.9999L10.8076 5.63589L12.2218 4.22168L20 11.9999L12.2218 19.778L10.8076 18.3638L16.1716 12.9999H4V10.9999H16.1716Z\"><\/path><\/svg><\/a><\/div>\t\t\t\t<\/div>\n\t\t\t\t<\/div>\n\t\t\t\t<\/div>\n\t\t\t\t<div class=\"elementor-element elementor-element-6de0d38 elementor-widget__width-initial content-align-left the7-hover-visibility-disabled preserve-img-ratio-cover transform-overlay-yes exceeding-frame-yes elementor-widget elementor-widget-the7-image-widget\" data-id=\"6de0d38\" data-element_type=\"widget\" data-e-type=\"widget\" data-settings=\"{&quot;hover_visibility&quot;:&quot;disabled&quot;}\" data-widget_type=\"the7-image-widget.default\">\n\t\t\t\t<div class=\"elementor-widget-container\">\n\t\t\t\t\t<div class=\"the7-image-container\"><div class=\"the7-image-wrapper the7-elementor-widget the7-transform-container\"><div class=\"post-thumbnail-rollover layzr-bg img-css-resize-wrapper\"><img decoding=\"async\" width=\"1486\" height=\"991\" src=\"data:image\/svg+xml,%3Csvg%20xmlns%3D&#039;http%3A%2F%2Fwww.w3.org%2F2000%2Fsvg&#039;%20viewBox%3D&#039;0%200%201486%20991&#039;%2F%3E\" class=\"attachment-full size-full preload-me aspect lazy lazy-load\" alt=\"\" sizes=\"(max-width: 1486px) 100vw, 1486px\" style=\"--ratio: 1486 \/ 991;\" data-src=\"https:\/\/elforest.fonta.se\/wp-content\/uploads\/2024\/09\/AdobeStock_699430900-kopiera.webp\" loading=\"eager\" data-srcset=\"https:\/\/elforest.fonta.se\/wp-content\/uploads\/2024\/09\/AdobeStock_699430900-kopiera.webp 1486w, https:\/\/elforest.fonta.se\/wp-content\/uploads\/2024\/09\/AdobeStock_699430900-kopiera-300x200.webp 300w, https:\/\/elforest.fonta.se\/wp-content\/uploads\/2024\/09\/AdobeStock_699430900-kopiera-1024x683.webp 1024w, https:\/\/elforest.fonta.se\/wp-content\/uploads\/2024\/09\/AdobeStock_699430900-kopiera-768x512.webp 768w\" \/><\/div><\/div><\/div>\t\t\t\t<\/div>\n\t\t\t\t<\/div>\n\t\t\t\t\t<\/div>\n\t\t\t\t<\/div>\n\t\t\t\t<div class=\"elementor-element elementor-element-c9c4121 elementor-widget elementor-widget-template\" data-id=\"c9c4121\" data-element_type=\"widget\" data-e-type=\"widget\" data-widget_type=\"template.default\">\n\t\t\t\t<div class=\"elementor-widget-container\">\n\t\t\t\t\t\t\t<div class=\"elementor-template\">\n\t\t\t\t\t<div data-elementor-type=\"section\" data-elementor-id=\"16412\" class=\"elementor elementor-16412\" data-elementor-post-type=\"elementor_library\">\n\t\t\t<div class=\"elementor-element elementor-element-781dfdf e-con-full e-flex e-con e-parent\" data-id=\"781dfdf\" data-element_type=\"container\" data-e-type=\"container\">\n\t\t\t\t<\/div>\n\t\t\t\t<\/div>\n\t\t\t\t<\/div>\n\t\t\t\t\t\t<\/div>\n\t\t\t\t<\/div>\n\t\t<div class=\"elementor-element elementor-element-7ef8ad1 e-flex e-con-boxed e-con e-child\" data-id=\"7ef8ad1\" data-element_type=\"container\" data-e-type=\"container\" data-settings=\"{&quot;background_background&quot;:&quot;classic&quot;}\">\n\t\t\t\t\t<div class=\"e-con-inner\">\n\t\t\t\t<div class=\"elementor-element elementor-element-98c9a3f elementor-widget elementor-widget-template\" data-id=\"98c9a3f\" data-element_type=\"widget\" data-e-type=\"widget\" data-widget_type=\"template.default\">\n\t\t\t\t<div class=\"elementor-widget-container\">\n\t\t\t\t\t\t\t<div class=\"elementor-template\">\n\t\t\t\t\t<div data-elementor-type=\"section\" data-elementor-id=\"16412\" class=\"elementor elementor-16412\" data-elementor-post-type=\"elementor_library\">\n\t\t\t<div class=\"elementor-element elementor-element-781dfdf e-con-full e-flex e-con e-parent\" data-id=\"781dfdf\" data-element_type=\"container\" data-e-type=\"container\">\n\t\t\t\t<\/div>\n\t\t\t\t<\/div>\n\t\t\t\t<\/div>\n\t\t\t\t\t\t<\/div>\n\t\t\t\t<\/div>\n\t\t<div class=\"elementor-element elementor-element-2311938 e-flex e-con-boxed e-con e-child\" data-id=\"2311938\" data-element_type=\"container\" data-e-type=\"container\">\n\t\t\t\t\t<div class=\"e-con-inner\">\n\t\t<div class=\"elementor-element elementor-element-d86188c e-con-full e-flex elementor-invisible e-con e-child\" data-id=\"d86188c\" data-element_type=\"container\" data-e-type=\"container\" data-settings=\"{&quot;animation&quot;:&quot;fadeIn&quot;}\">\n\t\t\t\t<div class=\"elementor-element elementor-element-445bc6d content-align-center the7-hover-visibility-disabled transform-overlay-yes exceeding-frame-yes elementor-widget elementor-widget-the7-image-widget\" data-id=\"445bc6d\" data-element_type=\"widget\" data-e-type=\"widget\" data-settings=\"{&quot;hover_visibility&quot;:&quot;disabled&quot;}\" data-widget_type=\"the7-image-widget.default\">\n\t\t\t\t<div class=\"elementor-widget-container\">\n\t\t\t\t\t<div class=\"the7-image-container\"><div class=\"the7-image-wrapper the7-elementor-widget the7-transform-container\"><a class=\"post-thumbnail-rollover layzr-bg img-css-resize-wrapper\" href=\"http:\/\/www.axinter.com\" target=\"_blank\"><img decoding=\"async\" width=\"2380\" height=\"482\" src=\"data:image\/svg+xml,%3Csvg%20xmlns%3D&#039;http%3A%2F%2Fwww.w3.org%2F2000%2Fsvg&#039;%20viewBox%3D&#039;0%200%202380%20482&#039;%2F%3E\" class=\"attachment-full size-full preload-me aspect lazy lazy-load\" alt=\"\" sizes=\"(max-width: 2380px) 100vw, 2380px\" style=\"--ratio: 2380 \/ 482;\" data-src=\"https:\/\/elforest.fonta.se\/wp-content\/uploads\/2024\/09\/Axel_Johnson_International_Logotype_RGB_White.png\" loading=\"eager\" data-srcset=\"https:\/\/elforest.fonta.se\/wp-content\/uploads\/2024\/09\/Axel_Johnson_International_Logotype_RGB_White.png 2380w, https:\/\/elforest.fonta.se\/wp-content\/uploads\/2024\/09\/Axel_Johnson_International_Logotype_RGB_White-300x61.png 300w, https:\/\/elforest.fonta.se\/wp-content\/uploads\/2024\/09\/Axel_Johnson_International_Logotype_RGB_White-1024x207.png 1024w, https:\/\/elforest.fonta.se\/wp-content\/uploads\/2024\/09\/Axel_Johnson_International_Logotype_RGB_White-768x156.png 768w, https:\/\/elforest.fonta.se\/wp-content\/uploads\/2024\/09\/Axel_Johnson_International_Logotype_RGB_White-1536x311.png 1536w, https:\/\/elforest.fonta.se\/wp-content\/uploads\/2024\/09\/Axel_Johnson_International_Logotype_RGB_White-2048x415.png 2048w, https:\/\/elforest.fonta.se\/wp-content\/uploads\/2024\/09\/Axel_Johnson_International_Logotype_RGB_White-18x4.png 18w\" \/><\/a><\/div><\/div>\t\t\t\t<\/div>\n\t\t\t\t<\/div>\n\t\t\t\t<div class=\"elementor-element elementor-element-2ee8240 elementor-widget-tablet__width-inherit elementor-widget elementor-widget-text-editor\" data-id=\"2ee8240\" data-element_type=\"widget\" data-e-type=\"widget\" data-widget_type=\"text-editor.default\">\n\t\t\t\t<div class=\"elementor-widget-container\">\n\t\t\t\t\t\t\t\t\t<p>Elforest Technologies AB is part of Axel Johnson International, a privately owned Swedish industrial group operating globally. The group has a dedicated long-term approach to ownership, emphasizing sustainable progress and collaboration. The focus lies on acquisitions and the development of companies, specializing in technical components and industrial solutions.<\/p><p>The group consists of more than 200 companies and employs 5,700 people in 34 countries, organized into six business groups, each focusing on selected niche markets. Axel Johnson International is a part of the Swedish family-owned corporate group, Axel Johnson.<\/p>\t\t\t\t\t\t\t\t<\/div>\n\t\t\t\t<\/div>\n\t\t\t\t<div class=\"elementor-element elementor-element-5da8d50 elementor-widget elementor-widget-the7_button_widget\" data-id=\"5da8d50\" data-element_type=\"widget\" data-e-type=\"widget\" data-widget_type=\"the7_button_widget.default\">\n\t\t\t\t<div class=\"elementor-widget-container\">\n\t\t\t\t\t<div class=\"elementor-button-wrapper\"><a href=\"https:\/\/www.axinter.com\" class=\"box-button elementor-button elementor-size-lg\">www.axinter.com<svg xmlns=\"http:\/\/www.w3.org\/2000\/svg\" viewbox=\"0 0 24 24\" width=\"48\" height=\"48\" fill=\"currentColor\"><path d=\"M16.1716 10.9999L10.8076 5.63589L12.2218 4.22168L20 11.9999L12.2218 19.778L10.8076 18.3638L16.1716 12.9999H4V10.9999H16.1716Z\"><\/path><\/svg><\/a><\/div>\t\t\t\t<\/div>\n\t\t\t\t<\/div>\n\t\t\t\t<\/div>\n\t\t\t\t\t<\/div>\n\t\t\t\t<\/div>\n\t\t\t\t<div class=\"elementor-element elementor-element-b03c5b8 elementor-widget elementor-widget-template\" data-id=\"b03c5b8\" data-element_type=\"widget\" data-e-type=\"widget\" data-widget_type=\"template.default\">\n\t\t\t\t<div class=\"elementor-widget-container\">\n\t\t\t\t\t\t\t<div class=\"elementor-template\">\n\t\t\t\t\t<div data-elementor-type=\"section\" data-elementor-id=\"16412\" class=\"elementor elementor-16412\" data-elementor-post-type=\"elementor_library\">\n\t\t\t<div class=\"elementor-element elementor-element-781dfdf e-con-full e-flex e-con e-parent\" data-id=\"781dfdf\" data-element_type=\"container\" data-e-type=\"container\">\n\t\t\t\t<\/div>\n\t\t\t\t<\/div>\n\t\t\t\t<\/div>\n\t\t\t\t\t\t<\/div>\n\t\t\t\t<\/div>\n\t\t\t\t\t<\/div>\n\t\t\t\t<\/div>\n\t\t\t\t<\/div>\n\t\t\t\t<\/div>","protected":false},"excerpt":{"rendered":"<p>Om oss Elforest Technologies utvecklar framtidens system Elforest Technologies grundades 2006 som en utvecklare och tillverkare av v\u00e4rldens f\u00f6rsta elhybriddrivna skotare. Under \u00e5ren har vi skaffat oss stor erfarenhet inom el- och elhybriddrift, samt hydraulik och maskinkonstruktion. Vi har kompetensen, utrustningen och lokalerna f\u00f6r att kunna bist\u00e5 ditt projekt fr\u00e5n id\u00e9stadiet hela v\u00e4gen till en&hellip;<\/p>","protected":false},"author":1,"featured_media":15113,"parent":0,"menu_order":10,"comment_status":"closed","ping_status":"closed","template":"","meta":{"footnotes":""},"class_list":["post-15198","page","type-page","status-publish","has-post-thumbnail","hentry"],"_links":{"self":[{"href":"https:\/\/elforest.fonta.se\/en\/wp-json\/wp\/v2\/pages\/15198","targetHints":{"allow":["GET"]}}],"collection":[{"href":"https:\/\/elforest.fonta.se\/en\/wp-json\/wp\/v2\/pages"}],"about":[{"href":"https:\/\/elforest.fonta.se\/en\/wp-json\/wp\/v2\/types\/page"}],"author":[{"embeddable":true,"href":"https:\/\/elforest.fonta.se\/en\/wp-json\/wp\/v2\/users\/1"}],"replies":[{"embeddable":true,"href":"https:\/\/elforest.fonta.se\/en\/wp-json\/wp\/v2\/comments?post=15198"}],"version-history":[{"count":51,"href":"https:\/\/elforest.fonta.se\/en\/wp-json\/wp\/v2\/pages\/15198\/revisions"}],"predecessor-version":[{"id":18045,"href":"https:\/\/elforest.fonta.se\/en\/wp-json\/wp\/v2\/pages\/15198\/revisions\/18045"}],"wp:featuredmedia":[{"embeddable":true,"href":"https:\/\/elforest.fonta.se\/en\/wp-json\/wp\/v2\/media\/15113"}],"wp:attachment":[{"href":"https:\/\/elforest.fonta.se\/en\/wp-json\/wp\/v2\/media?parent=15198"}],"curies":[{"name":"wp","href":"https:\/\/api.w.org\/{rel}","templated":true}]}}